{"id":1478,"date":"2024-12-19T15:28:26","date_gmt":"2024-12-19T13:28:26","guid":{"rendered":"https:\/\/www.bbd-net.fi\/rahoitus\/"},"modified":"2025-10-29T13:46:04","modified_gmt":"2025-10-29T11:46:04","slug":"rahoitus","status":"publish","type":"page","link":"https:\/\/www.bbd-net.fi\/fi\/rahoitus\/","title":{"rendered":"Rahoitus"},"content":{"rendered":"\t\t<div data-elementor-type=\"wp-page\" data-elementor-id=\"1478\" class=\"elementor elementor-1478 elementor-1393\" data-elementor-post-type=\"page\">\n\t\t\t\t\t\t<section class=\"elementor-section elementor-top-section elementor-element elementor-element-733859c elementor-section-boxed elementor-section-height-default elementor-section-height-default\" data-id=\"733859c\" data-element_type=\"section\">\n\t\t\t\t\t\t<div class=\"elementor-container elementor-column-gap-default\">\n\t\t\t\t\t<div class=\"elementor-column elementor-col-100 elementor-top-column elementor-element elementor-element-0047a3f\" data-id=\"0047a3f\" data-element_type=\"column\">\n\t\t\t<div class=\"elementor-widget-wrap elementor-element-populated\">\n\t\t\t\t\t\t<div class=\"elementor-element elementor-element-e88f487 elementor-widget elementor-widget-heading\" data-id=\"e88f487\" data-element_type=\"widget\" data-widget_type=\"heading.default\">\n\t\t\t\t<div class=\"elementor-widget-container\">\n\t\t\t\t\t<h1 class=\"elementor-heading-title elementor-size-default\">Fixus Rahoitus<\/h1>\t\t\t\t<\/div>\n\t\t\t\t<\/div>\n\t\t\t\t\t<\/div>\n\t\t<\/div>\n\t\t\t\t\t<\/div>\n\t\t<\/section>\n\t\t\t\t<section class=\"elementor-section elementor-top-section elementor-element elementor-element-24d4d01 elementor-section-boxed elementor-section-height-default elementor-section-height-default\" data-id=\"24d4d01\" data-element_type=\"section\">\n\t\t\t\t\t\t<div class=\"elementor-container elementor-column-gap-default\">\n\t\t\t\t\t<div class=\"elementor-column elementor-col-100 elementor-top-column elementor-element elementor-element-5990488\" data-id=\"5990488\" data-element_type=\"column\">\n\t\t\t<div class=\"elementor-widget-wrap elementor-element-populated\">\n\t\t\t\t\t\t<div class=\"elementor-element elementor-element-d8e0f53 elementor-widget elementor-widget-text-editor\" data-id=\"d8e0f53\" data-element_type=\"widget\" data-widget_type=\"text-editor.default\">\n\t\t\t\t<div class=\"elementor-widget-container\">\n\t\t\t\t\t\t\t\t\t<h2 class=\"p2\">Hae helposti ja nopeasti, maksa kun sinulle sopii<\/h2>\r\nOstaessasi Fixus Rahoituksella valitset milloin ja miten haluat maksaa. Saat jopa 12 kuukautta korotonta maksuaikaa.\r\n\r\nRahoituksen hakeminen on helppoa ja nopeaa. Voit tehd\u00e4 hakemuksen joko alla olevasta linkist\u00e4 tai toimipaikassa paikan p\u00e4\u00e4ll\u00e4. Saat laskun vasta ostoa seuraavana kuukautena ja voit silloin valita maksatko koko summan kerralla vai joustavasti eriss\u00e4. Luotonantaja on Resurs Bank AB Suomen sivuliike. Rahoitus k\u00e4y kaikissa toimipisteiss\u00e4 ymp\u00e4ri maan, joilla on k\u00e4yt\u00f6ss\u00e4 Fixus Rahoitus.\r\n<ul>\r\n \t<li>Et maksa ostoksen teon yhteydess\u00e4 mit\u00e4\u00e4n<\/li>\r\n \t<li>30-60 p\u00e4iv\u00e4\u00e4 ensimm\u00e4iseen er\u00e4p\u00e4iv\u00e4\u00e4n<\/li>\r\n \t<li>Voit jakaa maksun osiin ja valita sinulle sopivan maksuvaihtoehdon<\/li>\r\n \t<li>Tili on jatkuva luotto, jota voit k\u00e4ytt\u00e4\u00e4 my\u00f6s tuleviin ostoksiisi<\/li>\r\n<\/ul>\r\n<h2>Esimerkkilyhennyksi\u00e4<\/h2>\r\n1 500 \u20ac, 12 kk maksuvaihtoehdolla. Vuosikorko: 0 %. Luottokulu\/kk: 5,60 \u20ac. Todellinen vuosikorko: 4,01 %. Luoton kustannukset: 61,60 \u20ac. Maksettava yhteens\u00e4: 1 561,60 \u20ac. Osamaksuer\u00e4\/kk: 130,60 \u20ac, 12 er\u00e4\u00e4. Fixus Rahoitus on jatkuva luotto, jonka minimiluottoraja on 2 000 \u20ac. Luoton muusta k\u00e4yt\u00f6st\u00e4 voi seurata korkeampi tai alempi todellinen vuosikorko. Luotonantaja: Resurs Bank AB Suomen sivuliike.\r\n<table class=\"korjaamotaulukko\" style=\"width: 79.9435%; height: 234px;\">\r\n<tbody>\r\n<tr style=\"height: 66px;\">\r\n<th style=\"text-align: center; height: 66px;\">\r\n<h4>Maksuaika<\/h4>\r\n<\/th>\r\n<th style=\"text-align: center; height: 66px;\">\r\n<h4>Vuosikorko<\/h4>\r\n<\/th>\r\n<th style=\"text-align: center; height: 66px;\">\r\n<h4>Luottokulu<\/h4>\r\n<\/th>\r\n<\/tr>\r\n<tr style=\"height: 48px;\">\r\n<td style=\"text-align: center; height: 48px;\">30\u201360 p\u00e4iv\u00e4\u00e4<\/td>\r\n<td style=\"text-align: center; height: 48px;\">0 %<\/td>\r\n<td style=\"text-align: center; height: 48px;\">0 \u20ac<\/td>\r\n<\/tr>\r\n<tr style=\"height: 48px;\">\r\n<td style=\"text-align: center; height: 48px;\">12 kuukautta<\/td>\r\n<td style=\"text-align: center; height: 48px;\">0 %<\/td>\r\n<td style=\"text-align: center; height: 48px;\">5,60 \u20ac \/ kuukausi<\/td>\r\n<\/tr>\r\n<tr style=\"height: 24px;\">\r\n<td style=\"text-align: center; height: 24px;\">24 kuukautta<\/td>\r\n<td style=\"text-align: center; height: 24px;\">12,90 %<\/td>\r\n<td style=\"text-align: center; height: 24px;\">5,60 \u20ac \/ kuukausi<\/td>\r\n<\/tr>\r\n<tr style=\"height: 48px;\">\r\n<td style=\"text-align: center; height: 48px;\">48 kuukautta<\/td>\r\n<td style=\"text-align: center; height: 48px;\">15 % + viitekorko<\/td>\r\n<td style=\"text-align: center; height: 48px;\">5,60 \u20ac \/ kuukausi<\/td>\r\n<\/tr>\r\n<\/tbody>\r\n<\/table>\r\n<em>Viitekorolla tarkoitetaan korkolain 12 \u00a7:n mukaista viitekorkoa, jonka Suomen pankki julkistaa puolivuosittain ja jonka muuttuessa my\u00f6s asiakkaan kokonaiskorko muuttuu vastaavasti. Kokonaiskorko voi kuitenkin olla enint\u00e4\u00e4n 20 %. Kulloinkin voimassa oleva kokonaiskorko ilmenee laskuilta ja sit\u00e4 perit\u00e4\u00e4n vain luoton maksamattomalle m\u00e4\u00e4r\u00e4lle.<\/em>\t\t\t\t\t\t\t\t<\/div>\n\t\t\t\t<\/div>\n\t\t\t\t\t<\/div>\n\t\t<\/div>\n\t\t\t\t\t<\/div>\n\t\t<\/section>\n\t\t\t\t<section class=\"elementor-section elementor-top-section elementor-element elementor-element-8a4a8d3 elementor-section-boxed elementor-section-height-default elementor-section-height-default\" data-id=\"8a4a8d3\" data-element_type=\"section\">\n\t\t\t\t\t\t<div class=\"elementor-container elementor-column-gap-default\">\n\t\t\t\t\t<div class=\"elementor-column elementor-col-100 elementor-top-column elementor-element elementor-element-81a87a7\" data-id=\"81a87a7\" data-element_type=\"column\">\n\t\t\t<div class=\"elementor-widget-wrap elementor-element-populated\">\n\t\t\t\t\t\t<div class=\"elementor-element elementor-element-96173ce elementor-widget elementor-widget-heading\" data-id=\"96173ce\" data-element_type=\"widget\" data-widget_type=\"heading.default\">\n\t\t\t\t<div class=\"elementor-widget-container\">\n\t\t\t\t\t<h2 class=\"elementor-heading-title elementor-size-default\">Hae luottoa myym\u00e4l\u00e4st\u00e4mme!<\/h2>\t\t\t\t<\/div>\n\t\t\t\t<\/div>\n\t\t\t\t<div class=\"elementor-element elementor-element-0e52ef0 elementor-button-align-stretch elementor-widget elementor-widget-form\" data-id=\"0e52ef0\" data-element_type=\"widget\" data-settings=\"{&quot;step_next_label&quot;:&quot;Seuraava&quot;,&quot;step_previous_label&quot;:&quot;Edellinen&quot;,&quot;button_width&quot;:&quot;100&quot;,&quot;step_type&quot;:&quot;number_text&quot;,&quot;step_icon_shape&quot;:&quot;circle&quot;}\" data-widget_type=\"form.default\">\n\t\t\t\t<div class=\"elementor-widget-container\">\n\t\t\t\t\t\t\t<form class=\"elementor-form\" method=\"post\" name=\"Lomake\" aria-label=\"Lomake\">\n\t\t\t<input type=\"hidden\" name=\"post_id\" value=\"1478\"\/>\n\t\t\t<input type=\"hidden\" name=\"form_id\" value=\"0e52ef0\"\/>\n\t\t\t<input type=\"hidden\" name=\"referer_title\" value=\"Rahoitus\" \/>\n\n\t\t\t\t\t\t\t<input type=\"hidden\" name=\"queried_id\" value=\"1478\"\/>\n\t\t\t\n\t\t\t<div class=\"elementor-form-fields-wrapper elementor-labels-\">\n\t\t\t\t\t\t\t\t<div class=\"elementor-field-type-text elementor-field-group elementor-column elementor-field-group-field_9b7dcd4 elementor-col-100 elementor-field-required\">\n\t\t\t\t\t\t\t\t\t\t\t\t<label for=\"form-field-field_9b7dcd4\" class=\"elementor-field-label elementor-screen-only\">\n\t\t\t\t\t\t\t\tHaettu luottoraja euroissa\t\t\t\t\t\t\t<\/label>\n\t\t\t\t\t\t\t\t\t\t\t\t\t\t<input size=\"1\" type=\"text\" name=\"form_fields[field_9b7dcd4]\" id=\"form-field-field_9b7dcd4\" class=\"elementor-field elementor-size-sm  elementor-field-textual\" placeholder=\"Haettu luottoraja (euro)\" required=\"required\">\n\t\t\t\t\t\t\t\t\t\t\t<\/div>\n\t\t\t\t\t\t\t\t<div class=\"elementor-field-type-text elementor-field-group elementor-column elementor-field-group-name elementor-col-50 elementor-field-required\">\n\t\t\t\t\t\t\t\t\t\t\t\t<label for=\"form-field-name\" class=\"elementor-field-label elementor-screen-only\">\n\t\t\t\t\t\t\t\tEtunimi\t\t\t\t\t\t\t<\/label>\n\t\t\t\t\t\t\t\t\t\t\t\t\t\t<input size=\"1\" type=\"text\" name=\"form_fields[name]\" id=\"form-field-name\" class=\"elementor-field elementor-size-sm  elementor-field-textual\" placeholder=\"Etunimi\" required=\"required\">\n\t\t\t\t\t\t\t\t\t\t\t<\/div>\n\t\t\t\t\t\t\t\t<div class=\"elementor-field-type-text elementor-field-group elementor-column elementor-field-group-field_ef07b34 elementor-col-50 elementor-field-required\">\n\t\t\t\t\t\t\t\t\t\t\t\t<label for=\"form-field-field_ef07b34\" class=\"elementor-field-label elementor-screen-only\">\n\t\t\t\t\t\t\t\tSukunimi\t\t\t\t\t\t\t<\/label>\n\t\t\t\t\t\t\t\t\t\t\t\t\t\t<input size=\"1\" type=\"text\" name=\"form_fields[field_ef07b34]\" id=\"form-field-field_ef07b34\" class=\"elementor-field elementor-size-sm  elementor-field-textual\" placeholder=\"Sukunimi\" required=\"required\">\n\t\t\t\t\t\t\t\t\t\t\t<\/div>\n\t\t\t\t\t\t\t\t<div class=\"elementor-field-type-text\">\n\t\t\t\t\t<input size=\"1\" type=\"text\" name=\"form_fields[field_19ea7fe]\" id=\"form-field-field_19ea7fe\" class=\"elementor-field elementor-size-sm \" style=\"display:none !important;\">\t\t\t\t<\/div>\n\t\t\t\t\t\t\t\t<div class=\"elementor-field-type-text elementor-field-group elementor-column elementor-field-group-field_f05ec52 elementor-col-100\">\n\t\t\t\t\t\t\t\t\t\t\t\t<label for=\"form-field-field_f05ec52\" class=\"elementor-field-label elementor-screen-only\">\n\t\t\t\t\t\t\t\tYrityksen nimi\t\t\t\t\t\t\t<\/label>\n\t\t\t\t\t\t\t\t\t\t\t\t\t\t<input size=\"1\" type=\"text\" name=\"form_fields[field_f05ec52]\" id=\"form-field-field_f05ec52\" class=\"elementor-field elementor-size-sm  elementor-field-textual\" placeholder=\"Yrityksen nimi\">\n\t\t\t\t\t\t\t\t\t\t\t<\/div>\n\t\t\t\t\t\t\t\t<div class=\"elementor-field-type-text elementor-field-group elementor-column elementor-field-group-field_11c1cc1 elementor-col-100\">\n\t\t\t\t\t\t\t\t\t\t\t\t<label for=\"form-field-field_11c1cc1\" class=\"elementor-field-label elementor-screen-only\">\n\t\t\t\t\t\t\t\tOsoite\t\t\t\t\t\t\t<\/label>\n\t\t\t\t\t\t\t\t\t\t\t\t\t\t<input size=\"1\" type=\"text\" name=\"form_fields[field_11c1cc1]\" id=\"form-field-field_11c1cc1\" class=\"elementor-field elementor-size-sm  elementor-field-textual\" placeholder=\"Osoite\">\n\t\t\t\t\t\t\t\t\t\t\t<\/div>\n\t\t\t\t\t\t\t\t<div class=\"elementor-field-type-text elementor-field-group elementor-column elementor-field-group-field_db47be7 elementor-col-100\">\n\t\t\t\t\t\t\t\t\t\t\t\t<label for=\"form-field-field_db47be7\" class=\"elementor-field-label elementor-screen-only\">\n\t\t\t\t\t\t\t\tPostinumero\t\t\t\t\t\t\t<\/label>\n\t\t\t\t\t\t\t\t\t\t\t\t\t\t<input size=\"1\" type=\"text\" name=\"form_fields[field_db47be7]\" id=\"form-field-field_db47be7\" class=\"elementor-field elementor-size-sm  elementor-field-textual\" placeholder=\"Postinumero\">\n\t\t\t\t\t\t\t\t\t\t\t<\/div>\n\t\t\t\t\t\t\t\t<div class=\"elementor-field-type-text elementor-field-group elementor-column elementor-field-group-field_2f47a4a elementor-col-100\">\n\t\t\t\t\t\t\t\t\t\t\t\t<label for=\"form-field-field_2f47a4a\" class=\"elementor-field-label elementor-screen-only\">\n\t\t\t\t\t\t\t\tKaupunki\t\t\t\t\t\t\t<\/label>\n\t\t\t\t\t\t\t\t\t\t\t\t\t\t<input size=\"1\" type=\"text\" name=\"form_fields[field_2f47a4a]\" id=\"form-field-field_2f47a4a\" class=\"elementor-field elementor-size-sm  elementor-field-textual\" placeholder=\"Kaupunki\">\n\t\t\t\t\t\t\t\t\t\t\t<\/div>\n\t\t\t\t\t\t\t\t<div class=\"elementor-field-type-text elementor-field-group elementor-column elementor-field-group-field_eb4acee elementor-col-100 elementor-field-required\">\n\t\t\t\t\t\t\t\t\t\t\t\t<label for=\"form-field-field_eb4acee\" class=\"elementor-field-label elementor-screen-only\">\n\t\t\t\t\t\t\t\tMatkapuhelin\t\t\t\t\t\t\t<\/label>\n\t\t\t\t\t\t\t\t\t\t\t\t\t\t<input size=\"1\" type=\"text\" name=\"form_fields[field_eb4acee]\" id=\"form-field-field_eb4acee\" class=\"elementor-field elementor-size-sm  elementor-field-textual\" placeholder=\"Matkapuhelin\" required=\"required\">\n\t\t\t\t\t\t\t\t\t\t\t<\/div>\n\t\t\t\t\t\t\t\t<div class=\"elementor-field-type-email elementor-field-group elementor-column elementor-field-group-email elementor-col-100 elementor-field-required\">\n\t\t\t\t\t\t\t\t\t\t\t\t<label for=\"form-field-email\" class=\"elementor-field-label elementor-screen-only\">\n\t\t\t\t\t\t\t\tS-posti\t\t\t\t\t\t\t<\/label>\n\t\t\t\t\t\t\t\t\t\t\t\t\t\t<input size=\"1\" type=\"email\" name=\"form_fields[email]\" id=\"form-field-email\" class=\"elementor-field elementor-size-sm  elementor-field-textual\" placeholder=\"S-posti\" required=\"required\">\n\t\t\t\t\t\t\t\t\t\t\t<\/div>\n\t\t\t\t\t\t\t\t<div class=\"elementor-field-type-textarea elementor-field-group elementor-column elementor-field-group-message elementor-col-100\">\n\t\t\t\t\t\t\t\t\t\t\t\t<label for=\"form-field-message\" class=\"elementor-field-label elementor-screen-only\">\n\t\t\t\t\t\t\t\tViesti\t\t\t\t\t\t\t<\/label>\n\t\t\t\t\t\t<textarea class=\"elementor-field-textual elementor-field  elementor-size-sm\" name=\"form_fields[message]\" id=\"form-field-message\" rows=\"4\" placeholder=\"Viesti\"><\/textarea>\t\t\t\t<\/div>\n\t\t\t\t\t\t\t\t<div class=\"elementor-field-group elementor-column elementor-field-type-submit elementor-col-100 e-form__buttons\">\n\t\t\t\t\t<button class=\"elementor-button elementor-size-sm\" type=\"submit\">\n\t\t\t\t\t\t<span class=\"elementor-button-content-wrapper\">\n\t\t\t\t\t\t\t\t\t\t\t\t\t\t\t\t\t\t\t\t\t\t<span class=\"elementor-button-text\">L\u00e4het\u00e4<\/span>\n\t\t\t\t\t\t\t\t\t\t\t\t\t<\/span>\n\t\t\t\t\t<\/button>\n\t\t\t\t<\/div>\n\t\t\t<\/div>\n\t\t<\/form>\n\t\t\t\t\t\t<\/div>\n\t\t\t\t<\/div>\n\t\t\t\t\t<\/div>\n\t\t<\/div>\n\t\t\t\t\t<\/div>\n\t\t<\/section>\n\t\t\t\t<section class=\"elementor-section elementor-top-section elementor-element elementor-element-389e0fc elementor-section-boxed elementor-section-height-default elementor-section-height-default\" data-id=\"389e0fc\" data-element_type=\"section\">\n\t\t\t\t\t\t<div class=\"elementor-container elementor-column-gap-default\">\n\t\t\t\t\t<div class=\"elementor-column elementor-col-100 elementor-top-column elementor-element elementor-element-bb01c75\" data-id=\"bb01c75\" data-element_type=\"column\">\n\t\t\t<div class=\"elementor-widget-wrap elementor-element-populated\">\n\t\t\t\t\t\t<div class=\"elementor-element elementor-element-59c6706 elementor-widget elementor-widget-spacer\" data-id=\"59c6706\" data-element_type=\"widget\" data-widget_type=\"spacer.default\">\n\t\t\t\t<div class=\"elementor-widget-container\">\n\t\t\t\t\t\t\t<div class=\"elementor-spacer\">\n\t\t\t<div class=\"elementor-spacer-inner\"><\/div>\n\t\t<\/div>\n\t\t\t\t\t\t<\/div>\n\t\t\t\t<\/div>\n\t\t\t\t\t<\/div>\n\t\t<\/div>\n\t\t\t\t\t<\/div>\n\t\t<\/section>\n\t\t\t\t<\/div>\n\t\t","protected":false},"excerpt":{"rendered":"<p>Fixus Rahoitus Hae helposti ja nopeasti, maksa kun sinulle sopii Ostaessasi Fixus Rahoituksella valitset milloin ja miten haluat maksaa. Saat jopa 12 kuukautta korotonta maksuaikaa. Rahoituksen hakeminen on helppoa ja nopeaa. Voit tehd\u00e4 hakemuksen joko alla olevasta linkist\u00e4 tai toimipaikassa paikan p\u00e4\u00e4ll\u00e4. Saat laskun vasta ostoa seuraavana kuukautena ja voit silloin valita maksatko koko summan [&hellip;]<\/p>\n","protected":false},"author":5,"featured_media":0,"parent":0,"menu_order":0,"comment_status":"closed","ping_status":"closed","template":"","meta":{"footnotes":""},"class_list":["post-1478","page","type-page","status-publish","hentry"],"_links":{"self":[{"href":"https:\/\/www.bbd-net.fi\/fi\/wp-json\/wp\/v2\/pages\/1478","targetHints":{"allow":["GET"]}}],"collection":[{"href":"https:\/\/www.bbd-net.fi\/fi\/wp-json\/wp\/v2\/pages"}],"about":[{"href":"https:\/\/www.bbd-net.fi\/fi\/wp-json\/wp\/v2\/types\/page"}],"author":[{"embeddable":true,"href":"https:\/\/www.bbd-net.fi\/fi\/wp-json\/wp\/v2\/users\/5"}],"replies":[{"embeddable":true,"href":"https:\/\/www.bbd-net.fi\/fi\/wp-json\/wp\/v2\/comments?post=1478"}],"version-history":[{"count":2,"href":"https:\/\/www.bbd-net.fi\/fi\/wp-json\/wp\/v2\/pages\/1478\/revisions"}],"predecessor-version":[{"id":1576,"href":"https:\/\/www.bbd-net.fi\/fi\/wp-json\/wp\/v2\/pages\/1478\/revisions\/1576"}],"wp:attachment":[{"href":"https:\/\/www.bbd-net.fi\/fi\/wp-json\/wp\/v2\/media?parent=1478"}],"curies":[{"name":"wp","href":"https:\/\/api.w.org\/{rel}","templated":true}]}}