{"id":1503,"date":"2024-12-19T16:04:09","date_gmt":"2024-12-19T14:04:09","guid":{"rendered":"https:\/\/www.bbd-net.fi\/tietosuoja\/"},"modified":"2024-12-19T16:09:51","modified_gmt":"2024-12-19T14:09:51","slug":"tietosuoja","status":"publish","type":"page","link":"https:\/\/www.bbd-net.fi\/fi\/tietosuoja\/","title":{"rendered":"Tietosuoja"},"content":{"rendered":"\t\t<div data-elementor-type=\"wp-page\" data-elementor-id=\"1503\" class=\"elementor elementor-1503 elementor-1498\" data-elementor-post-type=\"page\">\n\t\t\t\t\t\t<section class=\"elementor-section elementor-top-section elementor-element elementor-element-79274e1 elementor-section-boxed elementor-section-height-default elementor-section-height-default\" data-id=\"79274e1\" data-element_type=\"section\">\n\t\t\t\t\t\t<div class=\"elementor-container elementor-column-gap-default\">\n\t\t\t\t\t<div class=\"elementor-column elementor-col-100 elementor-top-column elementor-element elementor-element-1ce661d\" data-id=\"1ce661d\" data-element_type=\"column\">\n\t\t\t<div class=\"elementor-widget-wrap elementor-element-populated\">\n\t\t\t\t\t\t<div class=\"elementor-element elementor-element-c4407e9 elementor-widget elementor-widget-text-editor\" data-id=\"c4407e9\" data-element_type=\"widget\" data-widget_type=\"text-editor.default\">\n\t\t\t\t<div class=\"elementor-widget-container\">\n\t\t\t\t\t\t\t\t\t<h2>Tietosuojaseloste ja cookies<\/h2>\n<p>T\u00e4m\u00e4 tietosuojakuvaus kuvaa, miten k\u00e4yt\u00e4mme ja suojaamme antamiasi tietoja, kun vierailet sivustolla. Suojaamme henkil\u00f6kohtaisen yksityisyytesi, mik\u00e4 tarkoittaa, ett\u00e4 ker\u00e4\u00e4mme ja k\u00e4sittelemme aina henkil\u00f6kohtaisia tietoja vastuullisesti.<\/p>\n<p>K\u00e4yt\u00e4mme henkil\u00f6tietoja t\u00e4ytt\u00e4\u00e4ksemme lakis\u00e4\u00e4teiset ja sovitut velvollisuudet ja voidaksemme antaa teille tarjouksia sek\u00e4 antaa neuvontaa tuotteista ja palveluista.<\/p>\n<p>Tietosuojaselosteessa kerromme tarkemmin mm. mit\u00e4 henkil\u00f6tietoja me ker\u00e4\u00e4mme, mist\u00e4 tietoja hankimme ja mihin niit\u00e4 k\u00e4yt\u00e4mme sek\u00e4 miss\u00e4 tilanteissa ja mill\u00e4 perusteella tietoja luovutamme eteenp\u00e4in. Lis\u00e4ksi kerromme rekister\u00f6ityjen oikeuksista omiin henkil\u00f6tietoihin liittyen.<\/p>\n<p>Jos sinulla on kysytt\u00e4v\u00e4\u00e4 tietosuojaan tai henkil\u00f6tietoihin liittyen, pyyd\u00e4mme ottamaan yhteytt\u00e4 meihin. Yhteystietomme l\u00f6ytyv\u00e4t alla olevasta osionohjaimesta.<\/p>\n<h3>Ev\u00e4steiden k\u00e4ytt\u00f6 (Cookies)<\/h3>\n<p>Ev\u00e4ste on pieni datatiedosto, joka pyyt\u00e4 lupaa saada asentua tietokoneesi kovalevylle. Kun hyv\u00e4ksyt asennuksen, tiedosto asentuu ja auttaa verkkoliikenteen analysoinnissa tai ilmoittaa sinulle kun vierailet m\u00e4\u00e4r\u00e4tyill\u00e4 sivuilla. Ev\u00e4steet mahdollistavat, ett\u00e4 verkkosovellukset voivat antaa sinulle yksil\u00f6llist\u00e4 palautetta. K\u00e4yt\u00e4mme liikenn\u00f6intiev\u00e4steit\u00e4 tunnistaaksemme mit\u00e4 sivuja on k\u00e4ytetty.<\/p>\n<p>T\u00e4m\u00e4 auttaa meit\u00e4 analysoimaan tietoa kotisivumme liikenteest\u00e4, auttaa meit\u00e4 parantamaan sivujamme ja sovittamaan ne asiakkaamme tarpeiden mukaisiksi. K\u00e4yt\u00e4mme t\u00e4t\u00e4 tietoa vain tilastolliseen analyysiin.<\/p>\n<p>Ylip\u00e4\u00e4t\u00e4\u00e4n ev\u00e4steet auttavat meit\u00e4 tuottamaan sinua varten paremman kotisivuston. Ev\u00e4steet auttavat meit\u00e4 tarkastelemaan, mitk\u00e4 sivumme mielest\u00e4si ovat kiinnostavia ja mitk\u00e4 eiv\u00e4t sinua kiinnosta. Ev\u00e4ste ei anna p\u00e4\u00e4sy\u00e4 tietokoneellesi eiv\u00e4tk\u00e4 ne anna muutakaan tietoa sinusta. Saamme niiden avulla ainoastaan sen tiedon, jonka haluat kanssamme jakaa. Voit valita haluatko hyv\u00e4ksy\u00e4 ev\u00e4steet vai et.<\/p>\n<p>Useimmat selaimet hyv\u00e4ksyv\u00e4t ev\u00e4steet automaattisesti, mutta selaimen asetuksia voi muuttaa siten, ett\u00e4 se ei hyv\u00e4ksy ev\u00e4steit\u00e4. Ev\u00e4steiden hylk\u00e4\u00e4minen voi kuitenkin est\u00e4\u00e4 sinua saamasta t\u00e4ytt\u00e4 hy\u00f6ty\u00e4 kotisivustostamme.<\/p>\n<h3>Vierailijatilastojen ja analytiikan k\u00e4ytt\u00f6<\/h3>\n<p>T\u00e4m\u00e4 sivusto k\u00e4ytt\u00e4\u00e4 Google Analyticsia, webanalytiikan palvelua jonka tarjoaa Google Inc. Google Analytics k\u00e4ytt\u00e4\u00e4 niin sanottuja \u201dev\u00e4steit\u00e4\u201d, tekstitiedostoja, jotka tallennetaan tietokoneellesi ja jotka mahdollistavat k\u00e4ytt\u00e4m\u00e4si sivuston k\u00e4yt\u00f6n analysoinnin. T\u00e4ll\u00e4 sivustolla on aktivoitu IP anonyymisointi, joka tarkoittaa ett vain poikkeustapauksissa koko IP-osoite siirret\u00e4\u00e4n Googlen palvelimelle ja lyhennet\u00e4\u00e4n siell\u00e4. T\u00e4m\u00e4n sivuston operaattori k\u00e4ytt\u00e4\u00e4 n\u00e4it\u00e4 tietoja verkkosivuston k\u00e4yt\u00f6n arviointiin, kokoaa raportteja sivuston toiminnasta ja tarjoaa muita palveluja, jotka liittyv\u00e4t kotisivujen k\u00e4ytt\u00f6m\u00e4\u00e4riin ja internetin k\u00e4ytt\u00f6\u00f6n. T\u00e4st\u00e4 vastaa sivuston yll\u00e4pit\u00e4j\u00e4. Selaimen osana l\u00e4hett\u00e4m\u00e4\u00e4 IP-osoitetta Google Analytics:iin ei yhdistet\u00e4 muihin Googlen tietoihin. Voit est\u00e4\u00e4 ev\u00e4steiden tallentamisen asettamalla selainohjelmanne asetukset. Haluamme kuitenkin huomauttaa, ett\u00e4 t\u00e4ss\u00e4 tapauksessa et ehk\u00e4 pysty t\u00e4ysin hy\u00f6dynt\u00e4m\u00e4\u00e4n kaikkia toimintoja t\u00e4ll\u00e4 sivustolla.<\/p>\n<p>T\u00e4m\u00e4 sivusto voi my\u00f6s k\u00e4ytt\u00e4\u00e4 ev\u00e4steit\u00e4 uudelleenmarkkinointitarkoituksiin. T\u00e4m\u00e4ntyyppiset tiedot ovat my\u00f6s nimett\u00f6mi\u00e4, joten henkil\u00f6kohtaisia tietoja tai k\u00e4ytt\u00e4j\u00e4profiileja ei tallenneta.<\/p>\n<h3>Muut sivustot<\/h3>\n<p>Sivustomme voi sis\u00e4lt\u00e4\u00e4 linkkej\u00e4 muihin kiinnostaviin verkkosivustoihin. Emme kuitenkaan voi valvoa muita sivustoja, kun j\u00e4t\u00e4t meid\u00e4n sivustot. Siksi emme voi olla vastuussa muiden sivustojen vierailun aikana antamiesi tietojen suojaamisesta tai yksityisyydest\u00e4. N\u00e4m\u00e4 tietosuojak\u00e4yt\u00e4nn\u00f6t eiv\u00e4t koske n\u00e4it\u00e4 sivuja. Sinun pit\u00e4isi olla valppaana ja lukea kaikki luottamuksellisuutta koskevat sopimukset kyseiselt\u00e4 verkkosivustolta.<\/p>\n<h2>Tietosuojaseloste<\/h2>\n<p>T\u00e4m\u00e4 tietosuojaseloste kuvaa miten ker\u00e4\u00e4mme, k\u00e4yt\u00e4mme, tallennamme ja suojaamme henkil\u00f6kohtaisia tietojasi. Kun kirjoitamme \u201dsin\u00e4\u201d, tarkoitamme sinua asiakkaana, potentiaalisena asiakkaana tai muuna asianomaisena.<\/p>\n<h3>Henkil\u00f6tietojen k\u00e4sittelyn peruste ja tarkoitus<\/h3>\n<p>K\u00e4yt\u00e4mme henkil\u00f6tietoja t\u00e4ytt\u00e4\u00e4ksemme lakis\u00e4\u00e4teiset ja sovitut velvollisuudet ja voidaksemme antaa teille tarjouksia sek\u00e4 antaa neuvontaa tuotteista ja palveluista.<\/p>\n<h3>Mit\u00e4 tietoja ker\u00e4\u00e4mme sinusta?<\/h3>\n<p>Ker\u00e4\u00e4mme tietoja sinusta, kun rekister\u00f6idyt meille tai tilaat tuotteita tai palveluita. Ker\u00e4\u00e4mme my\u00f6s tietoja, kun suoritat vapaaehtoisesti asiakastutkimuksia, annat palautetta, tilaat uutiskirjeit\u00e4 ja otat meihin yhteytt\u00e4. Verkkosivuston k\u00e4ytt\u00f6tiedot ker\u00e4t\u00e4\u00e4n ev\u00e4steiden avulla.<\/p>\n<p>Kun otat meihin yhteytt\u00e4, k\u00e4sittelemme seuraavat henkil\u00f6tiedot:<\/p>\n<ul>\n<li>Henkil\u00f6 ja yhteystiedot \u2013 nimi, s\u00e4hk\u00f6postiosoite, matkapuhelinnumero jne.<\/li>\n<\/ul>\n<p>Kun aloitat asiakassuhteen, k\u00e4sittelemme seuraavat henkil\u00f6tiedot:<\/p>\n<ul>\n<li>Henkil\u00f6 ja yhteystiedot \u2013 nimi, lasku ja toimitusosoite, s\u00e4hk\u00f6postiosoite, matkapuhelinnumero jne.<\/li>\n<li>Tietoa tavaroista \/ palveluista \u2013 tiedot ostamistasi tavaroista \/ palveluista.<\/li>\n<\/ul>\n<p>Asiakkaidemme tunnistamiseksi ker\u00e4tyt tiedot ovat edellytys asiakassuhteen aloittamiselle. Ilman tarvittavia henkil\u00f6tietoja emme voi tarjota palveluja ja tuotteita.<\/p>\n<p><em>Emme tallenna mit\u00e4\u00e4n arkaluonteisia tietoja, kuten henkil\u00f6tunnusta (sosiaaliturvatunnus) ja maksu- tai luottokortin numeroa.<\/em><\/p>\n<h3>Mist\u00e4 l\u00e4hteist\u00e4 me ker\u00e4\u00e4mme asiakastietoja?<\/h3>\n<p>Me ker\u00e4\u00e4mme henkil\u00f6tietoja suoraan asiakkaalta, kun asiakas tekee tilauksen, k\u00e4y meid\u00e4n verkkosivustolla, osallistuu tapahtumiin, napsauttaa digitaalisten markkinointiviestien linkkej\u00e4, on yhteydess\u00e4 asiakaspalveluun tai muulla tavoin ottaa yhteytt\u00e4 meihin ja antaa tietoja itsest\u00e4\u00e4n. Sen lis\u00e4ksi, voimme my\u00f6s ker\u00e4t\u00e4 henkil\u00f6kohtaisia tietoja toiselta (ns. Kolmas osapuoli). Kolmansilta osapuolilta ker\u00e4\u00e4m\u00e4mme tiedot ovat seuraavat:<\/p>\n<ul>\n<li>Osoitetiedot julkisista rekistereist\u00e4 varmistaaksesi, ett\u00e4 meill\u00e4 on sinulle oikeat osoitetiedot.<\/li>\n<li>Luottoluokitustiedot luottoluokituslaitoksilta, pankeilta tai julkistamisyhti\u00f6ilt\u00e4.<\/li>\n<\/ul>\n<h3>Miten k\u00e4yt\u00e4mme asiakastietoja?<\/h3>\n<p>Pid\u00e4mme henkil\u00f6tiedot luottamuksellisina. Henkil\u00f6tietoja sis\u00e4lt\u00e4v\u00e4n j\u00e4rjestelm\u00e4n k\u00e4ytt\u00f6\u00f6n ovat oikeutettuja vain ne ty\u00f6ntekij\u00e4mme, joilla ty\u00f6ns\u00e4 puolesta on oikeus k\u00e4sitell\u00e4 asiakastietoja. Koko henkil\u00f6kuntaamme koskee luottamuksellisen tiedon k\u00e4ytt\u00f6- ja ilmaisukielto. Kullakin k\u00e4ytt\u00e4j\u00e4ll\u00e4 on oma k\u00e4ytt\u00e4j\u00e4tunnus ja salasana j\u00e4rjestelm\u00e4\u00e4n. Tiedot ker\u00e4t\u00e4\u00e4n tietokantoihin, jotka ovat palomuurein, salasanoin ja muilla teknisill\u00e4 keinoilla suojattuja. Tietokannat ja niiden varmuuskopiot sijaitsevat lukituissa tiloissa ja tietoihin p\u00e4\u00e4sev\u00e4t k\u00e4siksi vain tietyt ennalta nimetyt henkil\u00f6t.<\/p>\n<p>Ohjeistamme henkil\u00f6tietojen k\u00e4sittelyyn osallistuvaa henkil\u00f6st\u00f6\u00e4mme henkil\u00f6tietojen asianmukaisesta k\u00e4sittelyst\u00e4 ja niiden luottamuksellisuudesta. Lis\u00e4ksi me huolehdimme henkil\u00f6kunnan riitt\u00e4v\u00e4st\u00e4 asiantuntemuksesta jatkuvasti.<\/p>\n<h3>Kenelle voimme jakaa asiakastietoja?<\/h3>\n<p>Jaamme my\u00f6s henkil\u00f6kohtaisia tietojasi tietyille yrityksille, jotka ovat itsen\u00e4isesti vastuussa henkil\u00f6tiedoista. T\u00e4m\u00e4 tarkoittaa sit\u00e4, ett\u00e4 emme hallitse sit\u00e4, miten yhti\u00f6lle annettuja tietoja k\u00e4sitell\u00e4\u00e4n.<\/p>\n<p>Riippumattomat rekisterinpit\u00e4j\u00e4t, joiden kanssa jaamme henkil\u00f6kohtaisia tietoja ovat:<\/p>\n<ul>\n<li>Valtion viranomaiset (poliisi, veroviranomaiset tai muut viranomaiset), jos meill\u00e4 on lakis\u00e4\u00e4teinen velvollisuus tai jos ep\u00e4ill\u00e4\u00e4n rikollisuutta.<\/li>\n<li>Yritykset, jotka tarjoavat yleist\u00e4 rahtiliikennett\u00e4 (logistiikkayritykset ja huolitsijat).<\/li>\n<li>Yritykset, jotka tarjoavat maksuratkaisuja (pankit ja muut maksupalveluntarjoajat).<\/li>\n<li>Markkinointi (uutiskirjeet, sosiaalinen mediat, media- tai mainostoimistot).<\/li>\n<li>IT-palvelut (yritykset, jotka k\u00e4sittelev\u00e4t tarvittavia toimintoja, teknist\u00e4 tukea ja yll\u00e4pitoa IT-ratkaisumme).<br><br><\/li>\n<\/ul>\n<p>Kun henkil\u00f6kohtaisia tietojasi jaetaan sellaisen yrityksen kanssa, joka on itsen\u00e4isesti vastuussa henkil\u00f6tiedoista, se noudattaa sen yrityksen tietosuojak\u00e4yt\u00e4nt\u00f6\u00e4 ja henkil\u00f6tietojen hallintaa.<\/p>\n<h3>Kuinka kauan tallennamme tiedot?<\/h3>\n<p>S\u00e4ilyt\u00e4mme henkil\u00f6kohtaiset tiedot niin kauan kuin k\u00e4yt\u00e4t palveluitamme. Tallennamme laskutustietoja kymmenen vuoden ajan, mik\u00e4 on verolains\u00e4\u00e4d\u00e4nn\u00f6n edellytt\u00e4m\u00e4, jota voidaan k\u00e4ytt\u00e4\u00e4 koe- tai muihin laillisiin tarkoituksiin.<\/p>\n<p>Jos haluat, ett\u00e4 henkil\u00f6kohtaiset tiedot poistetaan, p\u00e4ivitet\u00e4\u00e4n tai muutetaan, ota meihin yhteytt\u00e4.<\/p>\n<h3>Oikeus n\u00e4hd\u00e4 itsest\u00e4 tallennetut henkil\u00f6tiedot ja korjaus<\/h3>\n<p>S\u00e4ilyt\u00e4mme henkil\u00f6kohtaiset tiedot niin kauan kuin k\u00e4yt\u00e4t palveluitamme. Tallennamme laskutustietoja kymmenen vuoden ajan, mik\u00e4 on verolains\u00e4\u00e4d\u00e4nn\u00f6n edellytt\u00e4m\u00e4, jota voidaan k\u00e4ytt\u00e4\u00e4 koe- tai muihin laillisiin tarkoituksiin.<\/p>\n<p>Jos haluat, ett\u00e4 henkil\u00f6kohtaiset tiedot poistetaan, p\u00e4ivitet\u00e4\u00e4n tai muutetaan, ota meihin yhteytt\u00e4.<br>Oikeus n\u00e4hd\u00e4 itsest\u00e4 tallennetut henkil\u00f6tiedot ja korjaus<\/p>\n<p>Sinulla on oikeus pyyt\u00e4\u00e4 kopiota tiedoista, joita pid\u00e4mme sinusta. Jos haluat kopion joistakin tai kaikista henkil\u00f6kohtaisista tiedoistasi, l\u00e4het\u00e4 meille s\u00e4hk\u00f6postia osoitteeseen info@bbd-net.fi. Toimitamme n\u00e4m\u00e4 tiedot maksutta.<\/p>\n<p>Haluamme varmistaa, ett\u00e4 henkil\u00f6kohtaiset tiedot ovat tarkkoja ja ajantasaisia. Voit pyyt\u00e4\u00e4 meit\u00e4 korjaamaan tai poistamaan virheellisi\u00e4 tietoja.<\/p>\n<p>Huomaa, ett\u00e4 joillakin teht\u00e4vill\u00e4 meill\u00e4 on lakis\u00e4\u00e4teinen velvollisuus tallentaa tuotteiden ja palveluiden ostamiseen liittyv\u00e4t laskutustietosi 10 vuoden ajan nykyisen verolains\u00e4\u00e4d\u00e4nn\u00f6n mukaisesti.<\/p>\n<h3>Tietosuojaselosteen muutos<\/h3>\n<p>T\u00e4t\u00e4 selostetta p\u00e4ivitet\u00e4\u00e4n toimintamme kehittyess\u00e4 taikka s\u00e4\u00e4ntelyn muuttuessa. Mik\u00e4li muutokset ovat merkitt\u00e4vi\u00e4, pyrimme informoimaan n\u00e4ist\u00e4 my\u00f6s muulla tavoin, kuten laittamalla sivuillemme asiasta ilmoituksen. Suosittelemme s\u00e4\u00e4nn\u00f6llist\u00e4 vierailua sivuillamme ja mahdollisten rekisteriselosteen muutosten seuraamista. Noudatamme EU: n tietosuoja-asetusta (GDPR).<\/p>\n<p>T\u00e4m\u00e4 tietosuojakuvaus p\u00e4ivitettiin viimeist\u00e4\u00e4n 19. joulukuuta 2024.<\/p>\n<h3>Rekisterinpit\u00e4j\u00e4<\/h3>\n<p>Berndts Bildelar Ab Oy<br>Y-tunnus: 1610365-3<\/p><p>Malaxv\u00e4gen 1<br><span style=\"color: var( --e-global-color-text ); font-family: var( --e-global-typography-text-font-family ), Sans-serif; font-weight: var( --e-global-typography-text-font-weight ); font-size: 1rem;\">66100 MALAX<br><\/span><span style=\"color: var( --e-global-color-text ); font-family: var( --e-global-typography-text-font-family ), Sans-serif; font-weight: var( --e-global-typography-text-font-weight ); font-size: 1rem;\">FINLAND<\/span><\/p>\n<h3>Miten otat meihin yhteytt\u00e4?<\/h3>\n<p>Ota yhteytt\u00e4, jos sinulla on kysytt\u00e4v\u00e4\u00e4 tietosuojan kuvauksesta tai tiedoista sinusta.<\/p>\n<p>S\u00e4hk\u00f6posti: info@bbd-net.fi tai kirjoita meille yll\u00e4 olevaan osoitteeseen (rekisterinpit\u00e4j\u00e4).<\/p>\t\t\t\t\t\t\t\t<\/div>\n\t\t\t\t<\/div>\n\t\t\t\t\t<\/div>\n\t\t<\/div>\n\t\t\t\t\t<\/div>\n\t\t<\/section>\n\t\t\t\t<\/div>\n\t\t","protected":false},"excerpt":{"rendered":"<p>Tietosuojaseloste ja cookies T\u00e4m\u00e4 tietosuojakuvaus kuvaa, miten k\u00e4yt\u00e4mme ja suojaamme antamiasi tietoja, kun vierailet sivustolla. Suojaamme henkil\u00f6kohtaisen yksityisyytesi, mik\u00e4 tarkoittaa, ett\u00e4 ker\u00e4\u00e4mme ja k\u00e4sittelemme aina henkil\u00f6kohtaisia tietoja vastuullisesti. K\u00e4yt\u00e4mme henkil\u00f6tietoja t\u00e4ytt\u00e4\u00e4ksemme lakis\u00e4\u00e4teiset ja sovitut velvollisuudet ja voidaksemme antaa teille tarjouksia sek\u00e4 antaa neuvontaa tuotteista ja palveluista. Tietosuojaselosteessa kerromme tarkemmin mm. mit\u00e4 henkil\u00f6tietoja me ker\u00e4\u00e4mme, mist\u00e4 [&hellip;]<\/p>\n","protected":false},"author":5,"featured_media":0,"parent":0,"menu_order":0,"comment_status":"closed","ping_status":"closed","template":"","meta":{"footnotes":""},"class_list":["post-1503","page","type-page","status-publish","hentry"],"_links":{"self":[{"href":"https:\/\/www.bbd-net.fi\/fi\/wp-json\/wp\/v2\/pages\/1503","targetHints":{"allow":["GET"]}}],"collection":[{"href":"https:\/\/www.bbd-net.fi\/fi\/wp-json\/wp\/v2\/pages"}],"about":[{"href":"https:\/\/www.bbd-net.fi\/fi\/wp-json\/wp\/v2\/types\/page"}],"author":[{"embeddable":true,"href":"https:\/\/www.bbd-net.fi\/fi\/wp-json\/wp\/v2\/users\/5"}],"replies":[{"embeddable":true,"href":"https:\/\/www.bbd-net.fi\/fi\/wp-json\/wp\/v2\/comments?post=1503"}],"version-history":[{"count":10,"href":"https:\/\/www.bbd-net.fi\/fi\/wp-json\/wp\/v2\/pages\/1503\/revisions"}],"predecessor-version":[{"id":1513,"href":"https:\/\/www.bbd-net.fi\/fi\/wp-json\/wp\/v2\/pages\/1503\/revisions\/1513"}],"wp:attachment":[{"href":"https:\/\/www.bbd-net.fi\/fi\/wp-json\/wp\/v2\/media?parent=1503"}],"curies":[{"name":"wp","href":"https:\/\/api.w.org\/{rel}","templated":true}]}}